{"id":11209,"date":"2026-04-14T11:47:08","date_gmt":"2026-04-14T09:47:08","guid":{"rendered":"https:\/\/www.kanoko.se\/?post_type=product&#038;p=11209"},"modified":"2026-04-14T12:19:46","modified_gmt":"2026-04-14T10:19:46","slug":"furisode-34-gul-guld","status":"publish","type":"product","link":"https:\/\/www.kanoko.se\/index.php\/product\/furisode-34-gul-guld\/","title":{"rendered":"Furisode (34) guld-Broderie"},"content":{"rendered":"<p><strong>Furisode\u00a0<\/strong>(med l\u00e5nga armarna)\u00e4r formella kimonos f\u00f6r kvinnor.<\/p>\n<p><strong>\u00c5lder<\/strong>: Ungef\u00e4r 50 \u00e5r.<br \/>\n<strong>Teknik<\/strong>:F\u00e4rgad. Handm\u00e5lning.<\/p>\n<p>F\u00f6rgyllda anv\u00e4nds.\u00a0Handsydd och fodrad.<\/p>\n<p>Vissa deler av m\u00f6nstren \u00e4r broderade.(bild 8,9).<\/p>\n<p>Jimonn (v\u00e4vdm\u00f6nster p\u00e5 bakgrund)<span class=\"st\">.<\/span><\/p>\n<p><strong>Material<\/strong>\u00a0: Siden 100%.(mjuk o len)<br \/>\n<strong>Skick:<\/strong>\u00a0Begagnad. Mycket bra.<\/p>\n<p><strong>M\u00e5tten<\/strong>: Bild\u00a0(bild 12)<\/p>\n<p>*De flesta japanska kvinnas kimono \u00e4r ganska l\u00e5nga f\u00f6r att mitten av kimono vikas in inne i Obi-b\u00e4lte.<\/p>\n<p>&nbsp;<\/p>\n","protected":false},"excerpt":{"rendered":"<p><strong>Priset<\/strong>: inklusive moms inom Sverige.<\/p>\n<p><strong>Fri frakt inom Sverige<\/strong> vid k\u00f6p \u00f6ver \u00a01 500 kr<\/p>\n<p><strong>inom Europa<\/strong> vid k\u00f6p \u00f6ver 2500kr (ca,250 euro).For free shipping please contact us before paying for the items.<\/p>\n","protected":false},"featured_media":11218,"comment_status":"open","ping_status":"closed","template":"","meta":[],"product_brand":[],"product_cat":[39],"product_tag":[],"class_list":{"0":"post-11209","1":"product","2":"type-product","3":"status-publish","4":"has-post-thumbnail","6":"product_cat-furisode","8":"first","9":"instock","10":"shipping-taxable","11":"purchasable","12":"product-type-simple"},"_links":{"self":[{"href":"https:\/\/www.kanoko.se\/index.php\/wp-json\/wp\/v2\/product\/11209","targetHints":{"allow":["GET"]}}],"collection":[{"href":"https:\/\/www.kanoko.se\/index.php\/wp-json\/wp\/v2\/product"}],"about":[{"href":"https:\/\/www.kanoko.se\/index.php\/wp-json\/wp\/v2\/types\/product"}],"replies":[{"embeddable":true,"href":"https:\/\/www.kanoko.se\/index.php\/wp-json\/wp\/v2\/comments?post=11209"}],"wp:featuredmedia":[{"embeddable":true,"href":"https:\/\/www.kanoko.se\/index.php\/wp-json\/wp\/v2\/media\/11218"}],"wp:attachment":[{"href":"https:\/\/www.kanoko.se\/index.php\/wp-json\/wp\/v2\/media?parent=11209"}],"wp:term":[{"taxonomy":"product_brand","embeddable":true,"href":"https:\/\/www.kanoko.se\/index.php\/wp-json\/wp\/v2\/product_brand?post=11209"},{"taxonomy":"product_cat","embeddable":true,"href":"https:\/\/www.kanoko.se\/index.php\/wp-json\/wp\/v2\/product_cat?post=11209"},{"taxonomy":"product_tag","embeddable":true,"href":"https:\/\/www.kanoko.se\/index.php\/wp-json\/wp\/v2\/product_tag?post=11209"}],"curies":[{"name":"wp","href":"https:\/\/api.w.org\/{rel}","templated":true}]}}