{"id":11173,"date":"2026-04-12T23:04:45","date_gmt":"2026-04-12T21:04:45","guid":{"rendered":"https:\/\/www.kanoko.se\/?post_type=product&#038;p=11173"},"modified":"2026-04-12T23:19:34","modified_gmt":"2026-04-12T21:19:34","slug":"tomesode-10iro-tomesode-gra","status":"publish","type":"product","link":"https:\/\/www.kanoko.se\/index.php\/product\/tomesode-10iro-tomesode-gra\/","title":{"rendered":"Tomesode (10)Iro-Tomesode Gr\u00e5"},"content":{"rendered":"<p><strong>Tomesode :<\/strong>En\u00a0formell dr\u00e4kt som anv\u00e4nds endast f\u00f6r formella tillst\u00e4llningar.H\u00e4r finns ofta familjen vapen p\u00e5 kimonon.<\/p>\n<p><strong>\u00c5lder:<\/strong>\u00a0Ungef\u00e4r 50 \u00e5r.<br \/>\n<strong>Teknik:<\/strong>F\u00e4rgad. Handm\u00e5lning.<\/p>\n<p>F\u00f6rgyllda anv\u00e4nds.<\/p>\n<p>Handsydd och fodrad.<\/p>\n<p><strong>Material :<\/strong>\u00a0\u00a0Siden 100%.(lent)<\/p>\n<p><strong>Skick:<\/strong> Begagnad.Mycket bra.<\/p>\n<p><strong>M\u00e5tten<\/strong>: Bild 12<\/p>\n<p>*De flesta japanska kvinnas kimono \u00e4r ganska l\u00e5nga f\u00f6r att mitten av kimono vikas in inne i Obi-b\u00e4lte<\/p>\n","protected":false},"excerpt":{"rendered":"<p><strong>Priset:<\/strong>\u00a0inklusive moms inom Sverige.<\/p>\n<p><strong>Fri frakt<\/strong> inom Sverige vid k\u00f6p \u00f6ver \u00a01 500 kr<\/p>\n<p><strong>inom Europa<\/strong> vid k\u00f6p \u00f6ver 2500kr (ca,250 euro).For free shipping please contact us before paying for the items.<\/p>\n","protected":false},"featured_media":11183,"comment_status":"open","ping_status":"closed","template":"","meta":[],"product_brand":[],"product_cat":[40],"product_tag":[],"class_list":{"0":"post-11173","1":"product","2":"type-product","3":"status-publish","4":"has-post-thumbnail","6":"product_cat-tomesode","7":"has_thumb","9":"first","10":"instock","11":"shipping-taxable","12":"purchasable","13":"product-type-simple"},"_links":{"self":[{"href":"https:\/\/www.kanoko.se\/index.php\/wp-json\/wp\/v2\/product\/11173","targetHints":{"allow":["GET"]}}],"collection":[{"href":"https:\/\/www.kanoko.se\/index.php\/wp-json\/wp\/v2\/product"}],"about":[{"href":"https:\/\/www.kanoko.se\/index.php\/wp-json\/wp\/v2\/types\/product"}],"replies":[{"embeddable":true,"href":"https:\/\/www.kanoko.se\/index.php\/wp-json\/wp\/v2\/comments?post=11173"}],"wp:featuredmedia":[{"embeddable":true,"href":"https:\/\/www.kanoko.se\/index.php\/wp-json\/wp\/v2\/media\/11183"}],"wp:attachment":[{"href":"https:\/\/www.kanoko.se\/index.php\/wp-json\/wp\/v2\/media?parent=11173"}],"wp:term":[{"taxonomy":"product_brand","embeddable":true,"href":"https:\/\/www.kanoko.se\/index.php\/wp-json\/wp\/v2\/product_brand?post=11173"},{"taxonomy":"product_cat","embeddable":true,"href":"https:\/\/www.kanoko.se\/index.php\/wp-json\/wp\/v2\/product_cat?post=11173"},{"taxonomy":"product_tag","embeddable":true,"href":"https:\/\/www.kanoko.se\/index.php\/wp-json\/wp\/v2\/product_tag?post=11173"}],"curies":[{"name":"wp","href":"https:\/\/api.w.org\/{rel}","templated":true}]}}