{"id":11123,"date":"2026-04-11T11:47:11","date_gmt":"2026-04-11T09:47:11","guid":{"rendered":"https:\/\/www.kanoko.se\/?post_type=product&#038;p=11123"},"modified":"2026-04-12T15:28:21","modified_gmt":"2026-04-12T13:28:21","slug":"09oshima-tatsugo","status":"publish","type":"product","link":"https:\/\/www.kanoko.se\/index.php\/product\/09oshima-tatsugo\/","title":{"rendered":"\u00d6vrigt (09)Oshima-tatsugo"},"content":{"rendered":"<p><strong>Oshima-Tsumugi<\/strong><\/p>\n<p><strong>\u00c5lder<\/strong>: Ungef\u00e4r 80-90 \u00e5r.antik<br \/>\n<strong>Teknik<\/strong>:Oshima-Tsumugi V\u00e4v.<\/p>\n<p>Handsydd och fodrad.<\/p>\n<p>Tsumugi silke \u00e4r v\u00e4vt tyg och tillverkat av vild silkefiber.<\/p>\n<p>V\u00e4vt m\u00f6nster med f\u00f6rf\u00e4rgade sidentr\u00e5d.<\/p>\n<p>Mycket arbetsm\u00e4ssig.<\/p>\n<p><strong>Material<\/strong> : Siden 100% .(Oshima-Tsumugi,gl\u00e4nsande tyg,mjuk,l\u00e4tt)<br \/>\n<strong>Skick:<\/strong>Begagnad. Mycket bra.<\/p>\n<p><strong>M\u00e5tten<\/strong>: Bild 8<\/p>\n","protected":false},"excerpt":{"rendered":"<p><strong>Priset<\/strong>: inklusive moms inom Sverige.<\/p>\n<p><strong>Fri frakt inom Sverige<\/strong> vid k\u00f6p \u00f6ver \u00a01 500 kr<\/p>\n<p><strong>inom Europa<\/strong> vid k\u00f6p \u00f6ver 2500kr (ca,250 euro).For free shipping please contact us before paying for the items.<\/p>\n","protected":false},"featured_media":11124,"comment_status":"open","ping_status":"closed","template":"","meta":[],"product_brand":[],"product_cat":[109,46],"product_tag":[],"class_list":{"0":"post-11123","1":"product","2":"type-product","3":"status-publish","4":"has-post-thumbnail","6":"product_cat-antik-retro","7":"product_cat-ovriga-kimono-kvinnor","8":"has_thumb","10":"first","11":"instock","12":"shipping-taxable","13":"purchasable","14":"product-type-simple"},"_links":{"self":[{"href":"https:\/\/www.kanoko.se\/index.php\/wp-json\/wp\/v2\/product\/11123","targetHints":{"allow":["GET"]}}],"collection":[{"href":"https:\/\/www.kanoko.se\/index.php\/wp-json\/wp\/v2\/product"}],"about":[{"href":"https:\/\/www.kanoko.se\/index.php\/wp-json\/wp\/v2\/types\/product"}],"replies":[{"embeddable":true,"href":"https:\/\/www.kanoko.se\/index.php\/wp-json\/wp\/v2\/comments?post=11123"}],"wp:featuredmedia":[{"embeddable":true,"href":"https:\/\/www.kanoko.se\/index.php\/wp-json\/wp\/v2\/media\/11124"}],"wp:attachment":[{"href":"https:\/\/www.kanoko.se\/index.php\/wp-json\/wp\/v2\/media?parent=11123"}],"wp:term":[{"taxonomy":"product_brand","embeddable":true,"href":"https:\/\/www.kanoko.se\/index.php\/wp-json\/wp\/v2\/product_brand?post=11123"},{"taxonomy":"product_cat","embeddable":true,"href":"https:\/\/www.kanoko.se\/index.php\/wp-json\/wp\/v2\/product_cat?post=11123"},{"taxonomy":"product_tag","embeddable":true,"href":"https:\/\/www.kanoko.se\/index.php\/wp-json\/wp\/v2\/product_tag?post=11123"}],"curies":[{"name":"wp","href":"https:\/\/api.w.org\/{rel}","templated":true}]}}