{"id":11113,"date":"2026-04-02T16:55:09","date_gmt":"2026-04-02T14:55:09","guid":{"rendered":"https:\/\/www.kanoko.se\/?post_type=product&#038;p=11113"},"modified":"2026-04-02T16:55:09","modified_gmt":"2026-04-02T14:55:09","slug":"ovrigt-05mawata-tsumugi","status":"publish","type":"product","link":"https:\/\/www.kanoko.se\/index.php\/product\/ovrigt-05mawata-tsumugi\/","title":{"rendered":"\u00d6vrigt (05)Mawata-Tsumugi"},"content":{"rendered":"<p><strong>Mawata-Tsumugi<\/strong><\/p>\n<p><strong>\u00c5lder<\/strong>: Ungef\u00e4r 20 \u00e5r<br \/>\n<strong>Teknik<\/strong>:Mawata-Tsumugi V\u00e4v.<\/p>\n<p>Handsydd och fodrad.<\/p>\n<p>Tsumugi silke \u00e4r v\u00e4vt tyg och tillverkat av vild silkefiber.<\/p>\n<p>V\u00e4vt m\u00f6nster med f\u00f6rf\u00e4rgade sidentr\u00e5d.<\/p>\n<p>Mycket arbetsm\u00e4ssig.<\/p>\n<p><strong>Material<\/strong> : Siden 100% .(Mawata-Tsumugi,gl\u00e4nsande tyg,varmt,l\u00e4tt)<br \/>\n<strong>Skick:<\/strong>Oanv\u00e4nt. Mycket bra.<\/p>\n<p><strong>M\u00e5tten<\/strong>: Bild 9<\/p>\n","protected":false},"excerpt":{"rendered":"<p><strong>Priset<\/strong>: inklusive moms inom Sverige.<\/p>\n<p><strong>Fri frakt inom Sverige<\/strong> vid k\u00f6p \u00f6ver \u00a01 500 kr<\/p>\n<p><strong>inom Europa<\/strong> vid k\u00f6p \u00f6ver 2500kr (ca,250 euro).For free shipping please contact us before paying for the items.<\/p>\n","protected":false},"featured_media":11114,"comment_status":"open","ping_status":"closed","template":"","meta":[],"product_brand":[],"product_cat":[46,83],"product_tag":[],"class_list":{"0":"post-11113","1":"product","2":"type-product","3":"status-publish","4":"has-post-thumbnail","6":"product_cat-ovriga-kimono-kvinnor","7":"product_cat-varkollektion","8":"has_thumb","10":"first","11":"instock","12":"shipping-taxable","13":"purchasable","14":"product-type-simple"},"_links":{"self":[{"href":"https:\/\/www.kanoko.se\/index.php\/wp-json\/wp\/v2\/product\/11113","targetHints":{"allow":["GET"]}}],"collection":[{"href":"https:\/\/www.kanoko.se\/index.php\/wp-json\/wp\/v2\/product"}],"about":[{"href":"https:\/\/www.kanoko.se\/index.php\/wp-json\/wp\/v2\/types\/product"}],"replies":[{"embeddable":true,"href":"https:\/\/www.kanoko.se\/index.php\/wp-json\/wp\/v2\/comments?post=11113"}],"wp:featuredmedia":[{"embeddable":true,"href":"https:\/\/www.kanoko.se\/index.php\/wp-json\/wp\/v2\/media\/11114"}],"wp:attachment":[{"href":"https:\/\/www.kanoko.se\/index.php\/wp-json\/wp\/v2\/media?parent=11113"}],"wp:term":[{"taxonomy":"product_brand","embeddable":true,"href":"https:\/\/www.kanoko.se\/index.php\/wp-json\/wp\/v2\/product_brand?post=11113"},{"taxonomy":"product_cat","embeddable":true,"href":"https:\/\/www.kanoko.se\/index.php\/wp-json\/wp\/v2\/product_cat?post=11113"},{"taxonomy":"product_tag","embeddable":true,"href":"https:\/\/www.kanoko.se\/index.php\/wp-json\/wp\/v2\/product_tag?post=11113"}],"curies":[{"name":"wp","href":"https:\/\/api.w.org\/{rel}","templated":true}]}}