{"id":11060,"date":"2026-03-31T17:26:34","date_gmt":"2026-03-31T15:26:34","guid":{"rendered":"https:\/\/www.kanoko.se\/?post_type=product&#038;p=11060"},"modified":"2026-04-12T18:39:35","modified_gmt":"2026-04-12T16:39:35","slug":"komon-71-sma-blommor","status":"publish","type":"product","link":"https:\/\/www.kanoko.se\/index.php\/product\/komon-71-sma-blommor\/","title":{"rendered":"Komon (60) sm\u00e5 blommor"},"content":{"rendered":"<p><strong>Komon<\/strong><\/p>\n<p><strong>\u00c5lder<\/strong>: Ungef\u00e4r 40 \u00e5r.<br \/>\n<strong>Teknik<\/strong>:F\u00e4rgad.<\/p>\n<p>Handsydd och fodrad.<\/p>\n<p><strong>Material<\/strong>\u00a0:Siden 100%<br \/>\n<strong>Skick:<\/strong> Begagnad. Mycket bra,N\u00e5gra sm\u00e5 \u00e5lders missf\u00e4rgningar p\u00e5 fodret.(bild 3,8 )<\/p>\n<p><strong>M\u00e5tten<\/strong>: Bild 9<\/p>\n<p>*De flesta japanska kvinnas kimono \u00e4r ganska l\u00e5nga f\u00f6r att mitten av kimono vikas in inne i Obi-b\u00e4lte.<\/p>\n","protected":false},"excerpt":{"rendered":"<p><strong>Priset:<\/strong> inklusive moms inom Sverige.<\/p>\n<p><strong>Fri frakt<\/strong> inom Sverige vid k\u00f6p \u00f6ver \u00a01 500 kr<\/p>\n<p><strong>inom Europa<\/strong> vid k\u00f6p \u00f6ver 2500kr (ca,250 euro).For free shipping please contact us before paying for the items.<\/p>\n","protected":false},"featured_media":11062,"comment_status":"open","ping_status":"closed","template":"","meta":[],"product_brand":[],"product_cat":[104,83],"product_tag":[],"class_list":{"0":"post-11060","1":"product","2":"type-product","3":"status-publish","4":"has-post-thumbnail","6":"product_cat-komon","7":"product_cat-varkollektion","8":"has_thumb","10":"first","11":"instock","12":"shipping-taxable","13":"purchasable","14":"product-type-simple"},"_links":{"self":[{"href":"https:\/\/www.kanoko.se\/index.php\/wp-json\/wp\/v2\/product\/11060","targetHints":{"allow":["GET"]}}],"collection":[{"href":"https:\/\/www.kanoko.se\/index.php\/wp-json\/wp\/v2\/product"}],"about":[{"href":"https:\/\/www.kanoko.se\/index.php\/wp-json\/wp\/v2\/types\/product"}],"replies":[{"embeddable":true,"href":"https:\/\/www.kanoko.se\/index.php\/wp-json\/wp\/v2\/comments?post=11060"}],"wp:featuredmedia":[{"embeddable":true,"href":"https:\/\/www.kanoko.se\/index.php\/wp-json\/wp\/v2\/media\/11062"}],"wp:attachment":[{"href":"https:\/\/www.kanoko.se\/index.php\/wp-json\/wp\/v2\/media?parent=11060"}],"wp:term":[{"taxonomy":"product_brand","embeddable":true,"href":"https:\/\/www.kanoko.se\/index.php\/wp-json\/wp\/v2\/product_brand?post=11060"},{"taxonomy":"product_cat","embeddable":true,"href":"https:\/\/www.kanoko.se\/index.php\/wp-json\/wp\/v2\/product_cat?post=11060"},{"taxonomy":"product_tag","embeddable":true,"href":"https:\/\/www.kanoko.se\/index.php\/wp-json\/wp\/v2\/product_tag?post=11060"}],"curies":[{"name":"wp","href":"https:\/\/api.w.org\/{rel}","templated":true}]}}