{"id":10781,"date":"2026-03-06T14:57:19","date_gmt":"2026-03-06T12:57:19","guid":{"rendered":"https:\/\/www.kanoko.se\/?post_type=product&#038;p=10781"},"modified":"2026-03-14T09:55:37","modified_gmt":"2026-03-14T07:55:37","slug":"tsukesage-34-fagel-o-blomma","status":"publish","type":"product","link":"https:\/\/www.kanoko.se\/index.php\/product\/tsukesage-34-fagel-o-blomma\/","title":{"rendered":"Tsukesage (53) f\u00e5gel o blomma"},"content":{"rendered":"<p><strong>Tsukesage<\/strong>\u00a0\u00e4r en typ av formel kimino.<\/p>\n<p><strong>\u00c5lder<\/strong>: Ungef\u00e4r \u00a040 \u00e5r.<\/p>\n<p><strong>Teknik<\/strong>:F\u00e4rgad. Yuzen; reservagef\u00e4rgning och handm\u00e5lning.Blommor och f\u00e5glar.<\/p>\n<p>Klicka \u2013&gt;\u00a0<a href=\"https:\/\/www.youtube.com\/watch?v=MKG13KDqKj8\" target=\"_blank\" rel=\"noopener\">Film om yuzen-tekniken.<\/a><\/p>\n<p>F\u00f6rgyllda anv\u00e4nds.\u00a0Handsydd och fodrad.<\/p>\n<p><strong>Material<\/strong>\u00a0: Siden 100%.(len o mjuk)<br \/>\n<strong>Skick:<\/strong>\u00a0\u00a0Begagnad. Mycket bra.En fl\u00e4cka (ca.1cm) p\u00e5 sidan.(bild 18 )<\/p>\n<p><strong>M\u00e5tten<\/strong>: Bild\u00a0(bild 19)<\/p>\n<p>*De flesta japanska kvinnas kimono \u00e4r ganska l\u00e5nga f\u00f6r att mitten av kimono vikas in inne i Obi-b\u00e4lte.<\/p>\n","protected":false},"excerpt":{"rendered":"<p><strong>Priset<\/strong>: inklusive moms inom Sverige.<\/p>\n<p><strong>Fri frakt<\/strong> inom Sverige vid k\u00f6p \u00f6ver \u00a01 500 kr<\/p>\n<p><strong>inom Europa<\/strong> vid k\u00f6p \u00f6ver 2500kr (ca,250 euro).For free shipping please contact us before paying for the items.<\/p>\n","protected":false},"featured_media":10800,"comment_status":"open","ping_status":"closed","template":"","meta":[],"product_brand":[],"product_cat":[42,83],"product_tag":[],"class_list":{"0":"post-10781","1":"product","2":"type-product","3":"status-publish","4":"has-post-thumbnail","6":"product_cat-tsukesage","7":"product_cat-varkollektion","8":"has_thumb","10":"first","11":"instock","12":"shipping-taxable","13":"purchasable","14":"product-type-simple"},"_links":{"self":[{"href":"https:\/\/www.kanoko.se\/index.php\/wp-json\/wp\/v2\/product\/10781","targetHints":{"allow":["GET"]}}],"collection":[{"href":"https:\/\/www.kanoko.se\/index.php\/wp-json\/wp\/v2\/product"}],"about":[{"href":"https:\/\/www.kanoko.se\/index.php\/wp-json\/wp\/v2\/types\/product"}],"replies":[{"embeddable":true,"href":"https:\/\/www.kanoko.se\/index.php\/wp-json\/wp\/v2\/comments?post=10781"}],"wp:featuredmedia":[{"embeddable":true,"href":"https:\/\/www.kanoko.se\/index.php\/wp-json\/wp\/v2\/media\/10800"}],"wp:attachment":[{"href":"https:\/\/www.kanoko.se\/index.php\/wp-json\/wp\/v2\/media?parent=10781"}],"wp:term":[{"taxonomy":"product_brand","embeddable":true,"href":"https:\/\/www.kanoko.se\/index.php\/wp-json\/wp\/v2\/product_brand?post=10781"},{"taxonomy":"product_cat","embeddable":true,"href":"https:\/\/www.kanoko.se\/index.php\/wp-json\/wp\/v2\/product_cat?post=10781"},{"taxonomy":"product_tag","embeddable":true,"href":"https:\/\/www.kanoko.se\/index.php\/wp-json\/wp\/v2\/product_tag?post=10781"}],"curies":[{"name":"wp","href":"https:\/\/api.w.org\/{rel}","templated":true}]}}