{"id":10422,"date":"2025-12-10T19:22:44","date_gmt":"2025-12-10T17:22:44","guid":{"rendered":"https:\/\/www.kanoko.se\/?post_type=product&#038;p=10422"},"modified":"2026-04-17T17:35:41","modified_gmt":"2026-04-17T15:35:41","slug":"10","status":"publish","type":"product","link":"https:\/\/www.kanoko.se\/index.php\/product\/10\/","title":{"rendered":"(10)Bl\u00e5,Blommor,Antik"},"content":{"rendered":"<p><strong>Antik<\/strong><\/p>\n<p><strong>\u00c5lder<\/strong>: Ungef\u00e4r 80~90 \u00e5r.<br \/>\n<strong>Teknik<\/strong>:F\u00e4rgad. Yuzen; reservagef\u00e4rgning och handm\u00e5lning.<\/p>\n<p>Klicka \u2013&gt; <a href=\"https:\/\/www.youtube.com\/watch?v=MKG13KDqKj8\" target=\"_blank\" rel=\"noopener\">Film om yuzen-tekniken.<\/a><\/p>\n<p>Handsydd och fodrad.<\/p>\n<p>Montsuki \u00e4r en typ av formel kimono med familj vapen, (bild 18 ).<\/p>\n<p>F\u00f6rgyllda anv\u00e4nds.Inv\u00e4vt m\u00f6nster med f\u00e5glar.(bild 16)<\/p>\n<p><strong>Material<\/strong> : Siden 100%.(mjuk, tunn o l\u00e4tt)<br \/>\n<strong>Skick:<\/strong> Begagnad. Bra.Ljus bleknade av ljuset omkring armh\u00e5lan.(bild 19)<\/p>\n<p><strong>M\u00e5tten<\/strong>: Bild 20<\/p>\n","protected":false},"excerpt":{"rendered":"<p><strong>Priset<\/strong>: inklusive moms inom Sverige.<\/p>\n<p><strong>Fri frakt inom Sverige<\/strong> vid k\u00f6p \u00f6ver \u00a01 500 kr<\/p>\n<p><strong>inom Europa<\/strong> vid k\u00f6p \u00f6ver 2500kr (ca,250 euro).For free shipping please contact us before paying for the items.<\/p>\n","protected":false},"featured_media":10423,"comment_status":"open","ping_status":"closed","template":"","meta":[],"product_brand":[],"product_cat":[113,109],"product_tag":[],"class_list":{"0":"post-10422","1":"product","2":"type-product","3":"status-publish","4":"has-post-thumbnail","6":"product_cat-adventskalender","7":"product_cat-antik-retro","8":"has_thumb","10":"first","11":"instock","12":"shipping-taxable","13":"purchasable","14":"product-type-simple"},"_links":{"self":[{"href":"https:\/\/www.kanoko.se\/index.php\/wp-json\/wp\/v2\/product\/10422","targetHints":{"allow":["GET"]}}],"collection":[{"href":"https:\/\/www.kanoko.se\/index.php\/wp-json\/wp\/v2\/product"}],"about":[{"href":"https:\/\/www.kanoko.se\/index.php\/wp-json\/wp\/v2\/types\/product"}],"replies":[{"embeddable":true,"href":"https:\/\/www.kanoko.se\/index.php\/wp-json\/wp\/v2\/comments?post=10422"}],"wp:featuredmedia":[{"embeddable":true,"href":"https:\/\/www.kanoko.se\/index.php\/wp-json\/wp\/v2\/media\/10423"}],"wp:attachment":[{"href":"https:\/\/www.kanoko.se\/index.php\/wp-json\/wp\/v2\/media?parent=10422"}],"wp:term":[{"taxonomy":"product_brand","embeddable":true,"href":"https:\/\/www.kanoko.se\/index.php\/wp-json\/wp\/v2\/product_brand?post=10422"},{"taxonomy":"product_cat","embeddable":true,"href":"https:\/\/www.kanoko.se\/index.php\/wp-json\/wp\/v2\/product_cat?post=10422"},{"taxonomy":"product_tag","embeddable":true,"href":"https:\/\/www.kanoko.se\/index.php\/wp-json\/wp\/v2\/product_tag?post=10422"}],"curies":[{"name":"wp","href":"https:\/\/api.w.org\/{rel}","templated":true}]}}