{"id":10364,"date":"2025-12-08T00:47:42","date_gmt":"2025-12-07T22:47:42","guid":{"rendered":"https:\/\/www.kanoko.se\/?post_type=product&#038;p=10364"},"modified":"2026-04-17T17:26:10","modified_gmt":"2026-04-17T15:26:10","slug":"07-tranamontsukitomesode","status":"publish","type":"product","link":"https:\/\/www.kanoko.se\/index.php\/product\/07-tranamontsukitomesode\/","title":{"rendered":"(07) Trana,Montsuki,Tomesode"},"content":{"rendered":"<p><strong>Tomesode :<\/strong>En\u00a0formell dr\u00e4kt som anv\u00e4nds endast f\u00f6r formella tillst\u00e4llningar.H\u00e4r finns ofta familjen vapen p\u00e5 kimonon.<\/p>\n<p><strong>\u00c5lder:<\/strong>\u00a0Ungef\u00e4r 60 \u00e5r .<br \/>\n<strong>Teknik:<\/strong>F\u00e4rgad. Yuzen; reservagef\u00e4rgning och handm\u00e5lning.<\/p>\n<p>Klicka \u2013&gt;\u00a0<a href=\"https:\/\/www.youtube.com\/watch?v=MKG13KDqKj8\" target=\"_blank\" rel=\"noopener\">Film om yuzen-tekniken.<\/a><br \/>\nHandsydd och fodrad.F\u00f6rgyllda anv\u00e4nds.<\/p>\n<p>Fem familjen vapen\u00a0(bild 15,16)<\/p>\n<p><strong>Material :<\/strong>\u00a0Siden 100%.(Chirimen silk,Cr\u00eape textil med twistade garnet,ganska tung)<br \/>\n<strong>Skick:<\/strong>\u00a0Begagnad ,mycket bra.<\/p>\n<p><strong>M\u00e5tten<\/strong>: Bild 18<\/p>\n<p>*De flesta japanska kvinnas kimono \u00e4r ganska l\u00e5nga f\u00f6r att mitten av kimono vikas in inne i Obi-b\u00e4lte.<\/p>\n","protected":false},"excerpt":{"rendered":"<p><strong>Priset<\/strong>: inklusive moms inom Sverige.<\/p>\n<p><strong>Fri frakt inom Sverige<\/strong> vid k\u00f6p \u00f6ver \u00a01 500 kr<\/p>\n<p><strong>inom Europa<\/strong> vid k\u00f6p \u00f6ver 2500kr (ca,250 euro).For free shipping please contact us before paying for the items.<\/p>\n","protected":false},"featured_media":10365,"comment_status":"open","ping_status":"closed","template":"","meta":[],"product_brand":[],"product_cat":[113,40],"product_tag":[],"class_list":{"0":"post-10364","1":"product","2":"type-product","3":"status-publish","4":"has-post-thumbnail","6":"product_cat-adventskalender","7":"product_cat-tomesode","8":"has_thumb","10":"first","11":"instock","12":"shipping-taxable","13":"purchasable","14":"product-type-simple"},"_links":{"self":[{"href":"https:\/\/www.kanoko.se\/index.php\/wp-json\/wp\/v2\/product\/10364","targetHints":{"allow":["GET"]}}],"collection":[{"href":"https:\/\/www.kanoko.se\/index.php\/wp-json\/wp\/v2\/product"}],"about":[{"href":"https:\/\/www.kanoko.se\/index.php\/wp-json\/wp\/v2\/types\/product"}],"replies":[{"embeddable":true,"href":"https:\/\/www.kanoko.se\/index.php\/wp-json\/wp\/v2\/comments?post=10364"}],"wp:featuredmedia":[{"embeddable":true,"href":"https:\/\/www.kanoko.se\/index.php\/wp-json\/wp\/v2\/media\/10365"}],"wp:attachment":[{"href":"https:\/\/www.kanoko.se\/index.php\/wp-json\/wp\/v2\/media?parent=10364"}],"wp:term":[{"taxonomy":"product_brand","embeddable":true,"href":"https:\/\/www.kanoko.se\/index.php\/wp-json\/wp\/v2\/product_brand?post=10364"},{"taxonomy":"product_cat","embeddable":true,"href":"https:\/\/www.kanoko.se\/index.php\/wp-json\/wp\/v2\/product_cat?post=10364"},{"taxonomy":"product_tag","embeddable":true,"href":"https:\/\/www.kanoko.se\/index.php\/wp-json\/wp\/v2\/product_tag?post=10364"}],"curies":[{"name":"wp","href":"https:\/\/api.w.org\/{rel}","templated":true}]}}