{"id":10205,"date":"2025-09-18T13:32:16","date_gmt":"2025-09-18T11:32:16","guid":{"rendered":"https:\/\/www.kanoko.se\/?post_type=product&#038;p=10205"},"modified":"2025-09-20T07:15:22","modified_gmt":"2025-09-20T05:15:22","slug":"08krysantemum-omeshi","status":"publish","type":"product","link":"https:\/\/www.kanoko.se\/index.php\/product\/08krysantemum-omeshi\/","title":{"rendered":"(01)Krysantemum Omeshi"},"content":{"rendered":"<p><strong>Antik &amp; Retro<\/strong><\/p>\n<p><strong>\u00c5lder:<\/strong>\u00a0Ungef\u00e4r 80 \u00e5r<\/p>\n<p><strong>Teknik:<\/strong>\u00a0Omeshi-v\u00e4v ,M\u00f6nstren \u00e4r v\u00e4vt med metal liknande tr\u00e5d.<\/p>\n<p>Handsydd och fodrad.<\/p>\n<p><strong>Material<\/strong>: Siden 100%.(Chirimen silk)<br \/>\n<strong>Skick<\/strong>: Begagnad. Mycket bra,ljus smuts omkring\u00a0\u00a0f\u00e5llen.(bild 5)<\/p>\n<p><strong>M\u00e5tten<\/strong>: Bild 12<\/p>\n<p>*De flesta japanska kvinnas kimono \u00e4r ganska l\u00e5nga f\u00f6r att mitten av kimono vikas in inne i Obi-b\u00e4lte.<\/p>\n","protected":false},"excerpt":{"rendered":"<p><strong>Priset:<\/strong> inklusive moms inom Sverige.<\/p>\n<p><strong>Fri frakt<\/strong> inom Sverige vid k\u00f6p \u00f6ver \u00a01 500 kr<\/p>\n<p>inom Europa vid k\u00f6p \u00f6ver 2500kr (ca,250 euro).For free shipping please contact us before paying for the items<\/p>\n","protected":false},"featured_media":10206,"comment_status":"open","ping_status":"closed","template":"","meta":[],"product_brand":[],"product_cat":[109],"product_tag":[],"class_list":{"0":"post-10205","1":"product","2":"type-product","3":"status-publish","4":"has-post-thumbnail","6":"product_cat-antik-retro","7":"has_thumb","9":"first","10":"instock","11":"shipping-taxable","12":"purchasable","13":"product-type-simple"},"_links":{"self":[{"href":"https:\/\/www.kanoko.se\/index.php\/wp-json\/wp\/v2\/product\/10205","targetHints":{"allow":["GET"]}}],"collection":[{"href":"https:\/\/www.kanoko.se\/index.php\/wp-json\/wp\/v2\/product"}],"about":[{"href":"https:\/\/www.kanoko.se\/index.php\/wp-json\/wp\/v2\/types\/product"}],"replies":[{"embeddable":true,"href":"https:\/\/www.kanoko.se\/index.php\/wp-json\/wp\/v2\/comments?post=10205"}],"wp:featuredmedia":[{"embeddable":true,"href":"https:\/\/www.kanoko.se\/index.php\/wp-json\/wp\/v2\/media\/10206"}],"wp:attachment":[{"href":"https:\/\/www.kanoko.se\/index.php\/wp-json\/wp\/v2\/media?parent=10205"}],"wp:term":[{"taxonomy":"product_brand","embeddable":true,"href":"https:\/\/www.kanoko.se\/index.php\/wp-json\/wp\/v2\/product_brand?post=10205"},{"taxonomy":"product_cat","embeddable":true,"href":"https:\/\/www.kanoko.se\/index.php\/wp-json\/wp\/v2\/product_cat?post=10205"},{"taxonomy":"product_tag","embeddable":true,"href":"https:\/\/www.kanoko.se\/index.php\/wp-json\/wp\/v2\/product_tag?post=10205"}],"curies":[{"name":"wp","href":"https:\/\/api.w.org\/{rel}","templated":true}]}}