{"id":10019,"date":"2025-08-22T10:29:54","date_gmt":"2025-08-22T08:29:54","guid":{"rendered":"https:\/\/www.kanoko.se\/?post_type=product&#038;p=10019"},"modified":"2026-03-06T23:31:57","modified_gmt":"2026-03-06T21:31:57","slug":"20-gra-lila-tsukesage","status":"publish","type":"product","link":"https:\/\/www.kanoko.se\/index.php\/product\/20-gra-lila-tsukesage\/","title":{"rendered":"Tsukesage (57) Gr\u00e5 lila Tsukesage"},"content":{"rendered":"<p><strong>Tsukesage<\/strong>\u00a0\u00e4r formella kimono f\u00f6r kvinnor.vintage<\/p>\n<p><strong>\u00c5lder<\/strong>: Ungef\u00e4r 30 \u00e5r.<br \/>\n<strong>Teknik<\/strong>:F\u00e4rgad. Yuzen; reservagef\u00e4rgning och handm\u00e5lning.Blommor.<\/p>\n<p>Klicka \u2013&gt;\u00a0<a href=\"https:\/\/www.youtube.com\/watch?v=MKG13KDqKj8\" target=\"_blank\" rel=\"noopener\">Film om yuzen-tekniken.<\/a><\/p>\n<p>Handsydd och fodrad.<\/p>\n<p><strong>Material<\/strong>\u00a0: Siden 100%.(mjuk o len)<br \/>\nSkick: M\u00f6jligen oanv\u00e4nt. Mycket bra.<\/p>\n<p><strong>M\u00e5tten<\/strong>: Bild 18<\/p>\n<p>*De flesta japanska kvinnas kimono \u00e4r ganska l\u00e5nga f\u00f6r att mitten av kimono vikas in inne i Obi-b\u00e4lte.<\/p>\n","protected":false},"excerpt":{"rendered":"<p><strong>Priset:<\/strong> inklusive moms inom Sverige.<\/p>\n<p><strong>Fri frakt<\/strong> inom Sverige vid k\u00f6p \u00f6ver \u00a01 500 kr<\/p>\n<p>inom Europa vid k\u00f6p \u00f6ver 2500kr (ca,250 euro).For free shipping please contact us before paying for the items.<\/p>\n","protected":false},"featured_media":10020,"comment_status":"open","ping_status":"closed","template":"","meta":[],"product_brand":[],"product_cat":[105,42],"product_tag":[],"class_list":{"0":"post-10019","1":"product","2":"type-product","3":"status-publish","4":"has-post-thumbnail","6":"product_cat-kvinnor","7":"product_cat-tsukesage","8":"has_thumb","10":"first","11":"instock","12":"shipping-taxable","13":"purchasable","14":"product-type-simple"},"_links":{"self":[{"href":"https:\/\/www.kanoko.se\/index.php\/wp-json\/wp\/v2\/product\/10019","targetHints":{"allow":["GET"]}}],"collection":[{"href":"https:\/\/www.kanoko.se\/index.php\/wp-json\/wp\/v2\/product"}],"about":[{"href":"https:\/\/www.kanoko.se\/index.php\/wp-json\/wp\/v2\/types\/product"}],"replies":[{"embeddable":true,"href":"https:\/\/www.kanoko.se\/index.php\/wp-json\/wp\/v2\/comments?post=10019"}],"wp:featuredmedia":[{"embeddable":true,"href":"https:\/\/www.kanoko.se\/index.php\/wp-json\/wp\/v2\/media\/10020"}],"wp:attachment":[{"href":"https:\/\/www.kanoko.se\/index.php\/wp-json\/wp\/v2\/media?parent=10019"}],"wp:term":[{"taxonomy":"product_brand","embeddable":true,"href":"https:\/\/www.kanoko.se\/index.php\/wp-json\/wp\/v2\/product_brand?post=10019"},{"taxonomy":"product_cat","embeddable":true,"href":"https:\/\/www.kanoko.se\/index.php\/wp-json\/wp\/v2\/product_cat?post=10019"},{"taxonomy":"product_tag","embeddable":true,"href":"https:\/\/www.kanoko.se\/index.php\/wp-json\/wp\/v2\/product_tag?post=10019"}],"curies":[{"name":"wp","href":"https:\/\/api.w.org\/{rel}","templated":true}]}}