{"id":580,"date":"2015-05-28T16:03:49","date_gmt":"2015-05-28T14:03:49","guid":{"rendered":"http:\/\/www.kanoko.se\/?page_id=580"},"modified":"2023-03-09T00:39:53","modified_gmt":"2023-03-08T22:39:53","slug":"kontakt","status":"publish","type":"page","link":"https:\/\/www.kanoko.se\/index.php\/kontakt\/","title":{"rendered":"Kontakta oss"},"content":{"rendered":"<div class=\"post-content box mark-links entry-content\">\n<p><a href=\"http:\/\/www.kanoko.se\/wp-content\/uploads\/2015\/05\/vi2.jpg\"><img loading=\"lazy\" decoding=\"async\" class=\" size-medium wp-image-584 alignright\" src=\"http:\/\/www.kanoko.se\/wp-content\/uploads\/2015\/05\/vi2-300x254.jpg\" alt=\"vi2\" width=\"300\" height=\"254\" srcset=\"https:\/\/www.kanoko.se\/wp-content\/uploads\/2015\/05\/vi2-300x254.jpg 300w, https:\/\/www.kanoko.se\/wp-content\/uploads\/2015\/05\/vi2-315x266.jpg 315w, https:\/\/www.kanoko.se\/wp-content\/uploads\/2015\/05\/vi2.jpg 400w\" sizes=\"auto, (max-width: 300px) 100vw, 300px\" \/><\/a>Epost: shinkonakano@yahoo.com<\/p>\n<p>mobil:+46 \u2013 (0)724431558<\/p>\n<p>Shinko Nakano<br \/>\nGamla byav\u00e4gen 21<br \/>\n96197 Gunnarsbyn<br \/>\nSweden<\/p>\n<p>Ni kan ocks\u00e5 n\u00e5 oss p\u00e5 v\u00e5r <a href=\"https:\/\/www.facebook.com\/KanokoJapaneseKimono?fref=ts\" target=\"_blank\" rel=\"noopener\">Facebooksida<\/a>.<\/p>\n<p>Vi f\u00f6rs\u00f6ker alltid att svara s\u00e5 snabbt som m\u00f6jligt, inom 24 timmar, men omst\u00e4ndigheterna kan ibland g\u00f6ra att det tar l\u00e4ngre tid.<\/p>\n<\/div>\n","protected":false},"excerpt":{"rendered":"<p>Epost: shinkonakano@yahoo.com mobil:+46 \u2013 (0)724431558 Shinko Nakano Gamla byav\u00e4gen 21 96197 Gunnarsbyn Sweden Ni kan ocks\u00e5 n\u00e5 oss p\u00e5 v\u00e5r Facebooksida. Vi f\u00f6rs\u00f6ker alltid att svara s\u00e5 snabbt som m\u00f6jligt, [&hellip;]<\/p>\n","protected":false},"author":1,"featured_media":0,"parent":0,"menu_order":0,"comment_status":"open","ping_status":"open","template":"","meta":{"footnotes":""},"class_list":["post-580","page","type-page","status-publish","hentry"],"_links":{"self":[{"href":"https:\/\/www.kanoko.se\/index.php\/wp-json\/wp\/v2\/pages\/580","targetHints":{"allow":["GET"]}}],"collection":[{"href":"https:\/\/www.kanoko.se\/index.php\/wp-json\/wp\/v2\/pages"}],"about":[{"href":"https:\/\/www.kanoko.se\/index.php\/wp-json\/wp\/v2\/types\/page"}],"author":[{"embeddable":true,"href":"https:\/\/www.kanoko.se\/index.php\/wp-json\/wp\/v2\/users\/1"}],"replies":[{"embeddable":true,"href":"https:\/\/www.kanoko.se\/index.php\/wp-json\/wp\/v2\/comments?post=580"}],"version-history":[{"count":10,"href":"https:\/\/www.kanoko.se\/index.php\/wp-json\/wp\/v2\/pages\/580\/revisions"}],"predecessor-version":[{"id":5209,"href":"https:\/\/www.kanoko.se\/index.php\/wp-json\/wp\/v2\/pages\/580\/revisions\/5209"}],"wp:attachment":[{"href":"https:\/\/www.kanoko.se\/index.php\/wp-json\/wp\/v2\/media?parent=580"}],"curies":[{"name":"wp","href":"https:\/\/api.w.org\/{rel}","templated":true}]}}