{"id":350,"date":"2015-05-26T22:35:19","date_gmt":"2015-05-26T20:35:19","guid":{"rendered":"http:\/\/www.kanoko.se\/?page_id=350"},"modified":"2015-06-06T16:41:47","modified_gmt":"2015-06-06T14:41:47","slug":"cart-2","status":"publish","type":"page","link":"https:\/\/www.kanoko.se\/index.php\/cart-2\/","title":{"rendered":"Kundvagnen"},"content":{"rendered":"<p>Vi bor p\u00e5 landet l\u00e4ngs en lantbrevb\u00e4rarlinje och best\u00e4llningen och betalningen m\u00e5ste komma till oss innan 09:00 om den skall kunna skickas samma dag. Brevb\u00e4raren kommer bara p\u00e5 vardagar.<br \/>\nVarorna skickas n\u00e4r vi ser att betalningen kommit in p\u00e5 kontot.<\/p>\n\n","protected":false},"excerpt":{"rendered":"<p>Vi bor p\u00e5 landet l\u00e4ngs en lantbrevb\u00e4rarlinje och best\u00e4llningen och betalningen m\u00e5ste komma till oss innan 09:00 om den skall kunna skickas samma dag. Brevb\u00e4raren kommer bara p\u00e5 vardagar. Varorna skickas n\u00e4r vi ser att betalningen kommit in p\u00e5 kontot.<\/p>\n","protected":false},"author":1,"featured_media":0,"parent":0,"menu_order":0,"comment_status":"open","ping_status":"open","template":"","meta":{"footnotes":""},"class_list":["post-350","page","type-page","status-publish","hentry"],"_links":{"self":[{"href":"https:\/\/www.kanoko.se\/index.php\/wp-json\/wp\/v2\/pages\/350","targetHints":{"allow":["GET"]}}],"collection":[{"href":"https:\/\/www.kanoko.se\/index.php\/wp-json\/wp\/v2\/pages"}],"about":[{"href":"https:\/\/www.kanoko.se\/index.php\/wp-json\/wp\/v2\/types\/page"}],"author":[{"embeddable":true,"href":"https:\/\/www.kanoko.se\/index.php\/wp-json\/wp\/v2\/users\/1"}],"replies":[{"embeddable":true,"href":"https:\/\/www.kanoko.se\/index.php\/wp-json\/wp\/v2\/comments?post=350"}],"version-history":[{"count":6,"href":"https:\/\/www.kanoko.se\/index.php\/wp-json\/wp\/v2\/pages\/350\/revisions"}],"predecessor-version":[{"id":731,"href":"https:\/\/www.kanoko.se\/index.php\/wp-json\/wp\/v2\/pages\/350\/revisions\/731"}],"wp:attachment":[{"href":"https:\/\/www.kanoko.se\/index.php\/wp-json\/wp\/v2\/media?parent=350"}],"curies":[{"name":"wp","href":"https:\/\/api.w.org\/{rel}","templated":true}]}}